{"id":7,"date":"2024-02-25T09:45:04","date_gmt":"2024-02-25T08:45:04","guid":{"rendered":"https:\/\/www.ruzovislon.sk\/?page_id=7"},"modified":"2026-01-29T10:45:28","modified_gmt":"2026-01-29T09:45:28","slug":"ruzovy-slon","status":"publish","type":"page","link":"https:\/\/www.ruzovislon.sk\/","title":{"rendered":"RU\u017dOV\u00dd Slon"},"content":{"rendered":"\n<p class=\"has-text-align-right\">.<\/p>\n\n\n\n<p>Aktu\u00e1lne n\u00e1jdeme na eshope ruzovy slon p\u00e1r skvel\u00fdch akci\u00ed &#8211; napr. z\u013eavu 10% na 100 najpred\u00e1vanej\u0161\u00edch polo\u017eiek, 15% na komplet BDSM v\u00fdbavu, dar\u010deky k masturb\u00e1rotom, kond\u00f3my zdarma&#8230;<\/p>\n\n\n\n<div class=\"wp-block-buttons is-content-justification-center is-layout-flex wp-container-core-buttons-layout-1 wp-block-buttons-is-layout-flex\">\n<div class=\"wp-block-button\"><a class=\"wp-block-button__link has-black-color has-pale-pink-background-color has-text-color has-background has-link-color wp-element-button\" href=\"https:\/\/www.recenz.sk\/ostatne\/porovnanie-sexshopov\/\" target=\"_blank\" rel=\"noreferrer noopener\">TOP 5 sexshopov \u2192<\/a><\/div>\n<\/div>\n\n\n\n<p>.<\/p>\n\n\n<div class=\"wp-block-image\">\n<figure class=\"aligncenter size-large is-resized\"><a href=\"https:\/\/www.vibratorium.sk\/ruzovy-slon\/\"><img loading=\"lazy\" decoding=\"async\" width=\"1024\" height=\"359\" src=\"https:\/\/www.ruzovislon.sk\/wp-content\/uploads\/2024\/02\/zlava10-1024x359.jpg\" alt=\"akcia ruzovy slon\" class=\"wp-image-9\" style=\"width:740px;height:auto\" srcset=\"https:\/\/www.ruzovislon.sk\/wp-content\/uploads\/2024\/02\/zlava10-1024x359.jpg 1024w, https:\/\/www.ruzovislon.sk\/wp-content\/uploads\/2024\/02\/zlava10-300x105.jpg 300w, https:\/\/www.ruzovislon.sk\/wp-content\/uploads\/2024\/02\/zlava10-768x269.jpg 768w, https:\/\/www.ruzovislon.sk\/wp-content\/uploads\/2024\/02\/zlava10.jpg 1302w\" sizes=\"(max-width: 1024px) 100vw, 1024px\" \/><\/a><\/figure><\/div>\n\n\n<p>Sexshop ru\u017eov\u00fd slon pon\u00faka tis\u00edce skvel\u00fdch produktov zo sveta erotick\u00e9ho tovaru. Vy\u0161e 20 ro\u010dn\u00fd trad\u00edcia tohoto eshopu \u010d\u00edslo 1, \u010do sa sexshopov t\u00fdka, zapo\u010dala v \u010dech\u00e1ch, n\u00e1sledne na to sa otvoril slovensk\u00fd trh, a najnov\u0161ie ma\u010farsk\u00fd pod n\u00e1zvom pink elephant.<\/p>\n\n\n<div class=\"wp-block-image\">\n<figure class=\"aligncenter size-full is-resized\"><img loading=\"lazy\" decoding=\"async\" width=\"790\" height=\"544\" src=\"https:\/\/www.ruzovislon.sk\/wp-content\/uploads\/2024\/02\/koleso-stastia.png\" alt=\"ruzovy slon koleso stastia\" class=\"wp-image-8\" style=\"width:492px;height:auto\" srcset=\"https:\/\/www.ruzovislon.sk\/wp-content\/uploads\/2024\/02\/koleso-stastia.png 790w, https:\/\/www.ruzovislon.sk\/wp-content\/uploads\/2024\/02\/koleso-stastia-300x207.png 300w, https:\/\/www.ruzovislon.sk\/wp-content\/uploads\/2024\/02\/koleso-stastia-768x529.png 768w\" sizes=\"(max-width: 790px) 100vw, 790px\" \/><\/figure><\/div>\n\n\n<p>Nespo\u010det skvel\u00fdch produktov, \u00fahladne rozdelen\u00fdch do kateg\u00f3ri\u00ed, pod\u010diarkuj\u00fa vlastn\u00e9 fotografie a vide\u00e1, ktor\u00fdch je skuto\u010dne mnoho. Na svoje si pr\u00edde za\u010diato\u010dn\u00edk, ale aj gurm\u00e1n. Ru\u017eov\u00fd slon prin\u00e1\u0161a kvalitn\u00e9 produkty a slu\u017eby, o ktor\u00fdch sa p\u00ed\u0161e v mnoh\u00fdch m\u00e9di\u00e1ch. N\u00edjdete tu <a href=\"http:\/\/www.masturbator.sk\">masturb\u00e1tory<\/a>, vibr\u00e1tory na <a href=\"http:\/\/www.klitoris.sk\">klitoris<\/a>, erotick\u00e9 pr\u00e1dielko &#8211; no proste v\u0161etko.<\/p>\n\n\n\n<p>O rady, ako dan\u00fa erotick\u00fa hra\u010dku pou\u017e\u00edva\u0165, sa staraj\u00fa sexpertky Dom\u010da a Ver\u010da, ktor\u00fdm za tie roky u\u017e pre\u0161lo (nielen) rukami tis\u00edce vibr\u00e1torov, mas\u00e1\u017enych hlav\u00edc, kol\u00edkov a\u017e po BDSM v\u00fdbavu.<\/p>\n\n\n\n<p><a href=\"http:\/\/www.ruzovislonik.sk\">Ru\u017eov\u00ed slon<\/a> pon\u00faka vernostn\u00fd program, diskr\u00e9tnu dopravu zdarma, in\u0161trukt\u00e1\u017ene vide\u00e1, dar\u010deky k n\u00e1kupom a pravideln\u00e9 akcie.<\/p>\n\n\n\n<p>Ruzovi slon sa te\u0161\u00ed ob\u013eube, o \u010dom sved\u010dia pozit\u00edvne recenzie na ich produkty, ale aj slu\u017eby ako diskr\u00e9tne dodanie, r\u00fdchlos\u0165 doru\u010denia a celkov\u00fd dojem z obchodu. Negat\u00edvom je jedine tro\u0161ku vy\u0161\u0161ia cena pri p\u00e1r produktoch. My osobne nem\u00e1me ru\u017eov\u00e9mu slon\u00edku \u010do vytkn\u00fa\u0165 a len ho odpor\u00fa\u010dame.<\/p>\n\n\n\n<p>TIP: Ak by ste sa pred hran\u00edm chceli navnadi\u0165, odpor\u00fa\u010dame tieto <a href=\"https:\/\/www.vibratorium.sk\/category\/eroticke-poviedky\/\">erotick\u00e9 poviedky<\/a>, ktor\u00e9 s\u00fa okrem in\u00e9ho dostupn\u00e9 aj na spotify.<\/p>\n\n\n\n<h2 class=\"wp-block-heading\">Ruzovi slon recenzie<\/h2>\n\n\n\n<p>Zdroj recenzi\u00ed: www.ruzovyslon.sk. Z recenzi\u00ed vyber\u00e1me:<\/p>\n\n\n\n<p>Ste uplne top obchod, v\u0161etko super!&nbsp;Skvel\u00e1 spolupr\u00e1ca kvalitne dodanie a obrovsk\u00e1 spokojnos\u0165 s komunik\u00e1ciou obchodu. Ve\u013ek\u00fd v\u00fdber a v\u0161etky produkty zak\u00fapen\u00e9 boli v\u017edy presne pod\u013ea popisu aj s n\u00e1vodom. Nem\u00f4\u017eem vynecha\u0165, \u017ee v\u017edy pr\u00edde aj mil\u00fd da\u010dek, ktor\u00fd nesmierne pote\u0161\u00ed. Ka\u017ed\u00fd produkt bol presne tak\u00fd, ako bol op\u00edsan\u00fd. Tak\u017ee \u017eiadne klamliv\u00e9 inform\u00e1cie, ale presny popis je z\u00e1kladom obchodu, \u010do je 100 % v\u00fdhoda a obrovsk\u00e9 plus. \u010eakujem, ruzovy slon je uplne top 1 pre m\u0148a a ver\u00edm, \u017ee aj pre mnoh\u00fdch \u010do to sk\u00fasia poprv\u00e9 \ud83d\ude42&nbsp;<\/p>\n\n\n\n<hr class=\"wp-block-separator has-alpha-channel-opacity\"\/>\n\n\n\n<p>Ako p\u00edsali &#8211; <a href=\"http:\/\/www.vybratory.sk\">vibrator<\/a> bol doru\u010den\u00fd v nasleduj\u00faci de\u0148. Okrem mojej objedn\u00e1vky mi poslali i mini dar\u010deky navy\u0161e. Pote\u0161ilo ma i moje meno na krabi\u010dke. A \u017ee mnou zak\u00fapen\u00fd tovar niekto skontroloval.<br>Webov\u00e1 str\u00e1nka rozovy slonik je super, preh\u013eadn\u00e1, podrobn\u00fd opis tovaru.<\/p>\n\n\n\n<hr class=\"wp-block-separator has-alpha-channel-opacity\"\/>\n\n\n\n<p>\u00da\u017easn\u00e1 sk\u00fasenos\u0165 so str\u00e1nkou r\u00fa\u017eov\u00fd slon. Ru\u017eov\u00fd slon je diskr\u00e9tny ,z\u00e1bavn\u00fd a mil\u00ed. Na str\u00e1nke je plno zauj\u00edmavosti aj mimo n\u00e1kupu. Sortimentu na v\u00fdber je plno \u010di u\u017e od z\u00e1bavy na rozl\u00fa\u010dke so slobodou alebo oslave a\u017e po hr\u00e1tky v posteli. Obchod ukazuje ako sa netreba b\u00e1\u0165 sk\u00fa\u0161a\u0165 nie\u010do nov\u00e9 alebo vylep\u0161i\u0165 star\u00e9. Obchod vrelo odpor\u00fa\u010dam stala som sa na \u0148om mierne z\u00e1visl\u00e1.<\/p>\n\n\n\n<hr class=\"wp-block-separator has-alpha-channel-opacity\"\/>\n\n\n\n<p>Dobr\u00fd de\u0148 chcem sa v\u00e1m po\u010fakova\u0165 za super r\u00fdchle dodanie za pribalen\u00fd dar\u010dek v\u00f4bec som to ne\u010dakal som r\u00e1d \u017ee som na\u0161iel kone\u010dne norm\u00e1lny eshop v\u0161etk\u00fdch v\u00e1s pozdravujem a u\u017e teraz sa te\u0161\u00edm na \u010fal\u0161iu objedn\u00e1vku s&nbsp;pozdravom a \u00factou&nbsp;M.<br><\/p>\n\n\n<div class=\"wp-block-image\">\n<figure class=\"aligncenter size-full is-resized\"><img loading=\"lazy\" decoding=\"async\" width=\"512\" height=\"512\" src=\"https:\/\/www.ruzovislon.sk\/wp-content\/uploads\/2024\/02\/cropped-slonikruzovy.png\" alt=\"ruzovislon\" class=\"wp-image-16\" style=\"width:264px;height:auto\" srcset=\"https:\/\/www.ruzovislon.sk\/wp-content\/uploads\/2024\/02\/cropped-slonikruzovy.png 512w, https:\/\/www.ruzovislon.sk\/wp-content\/uploads\/2024\/02\/cropped-slonikruzovy-300x300.png 300w, https:\/\/www.ruzovislon.sk\/wp-content\/uploads\/2024\/02\/cropped-slonikruzovy-150x150.png 150w, https:\/\/www.ruzovislon.sk\/wp-content\/uploads\/2024\/02\/cropped-slonikruzovy-270x270.png 270w, https:\/\/www.ruzovislon.sk\/wp-content\/uploads\/2024\/02\/cropped-slonikruzovy-192x192.png 192w, https:\/\/www.ruzovislon.sk\/wp-content\/uploads\/2024\/02\/cropped-slonikruzovy-180x180.png 180w, https:\/\/www.ruzovislon.sk\/wp-content\/uploads\/2024\/02\/cropped-slonikruzovy-32x32.png 32w\" sizes=\"(max-width: 512px) 100vw, 512px\" \/><\/figure><\/div>\n\n\n<p><br><\/p>\n","protected":false},"excerpt":{"rendered":"<p>. Aktu\u00e1lne n\u00e1jdeme na eshope ruzovy slon p\u00e1r skvel\u00fdch akci\u00ed &#8211; napr. z\u013eavu 10% na 100 najpred\u00e1vanej\u0161\u00edch polo\u017eiek, 15% na komplet BDSM v\u00fdbavu, dar\u010deky k masturb\u00e1rotom, kond\u00f3my zdarma&#8230; . Sexshop ru\u017eov\u00fd slon pon\u00faka tis\u00edce skvel\u00fdch produktov zo sveta erotick\u00e9ho tovaru. Vy\u0161e 20 ro\u010dn\u00fd trad\u00edcia tohoto eshopu \u010d\u00edslo 1, \u010do sa sexshopov t\u00fdka, zapo\u010dala v \u010dech\u00e1ch, [&hellip;]<\/p>\n","protected":false},"author":1,"featured_media":0,"parent":0,"menu_order":0,"comment_status":"closed","ping_status":"closed","template":"","meta":{"_monsterinsights_skip_tracking":false,"_monsterinsights_sitenote_active":false,"_monsterinsights_sitenote_note":"","_monsterinsights_sitenote_category":0,"footnotes":""},"yoast_head":"<!-- This site is optimized with the Yoast SEO plugin v22.1 - https:\/\/yoast.com\/wordpress\/plugins\/seo\/ -->\n<title>- aktu\u00e1lne akcie \u2764<\/title>\n<meta name=\"description\" content=\"Ruzovi slon prin\u00e1\u0161a skvel\u00e9 akcie a ob\u013e\u00faben\u00e9 produkty. Objavte v\u00fdhody seschopu ru\u017eov\u00fd slon e\u0161te dnes. Budete spokojn\u00ed \u2192\" \/>\n<meta name=\"robots\" content=\"index, follow, max-snippet:-1, max-image-preview:large, max-video-preview:-1\" \/>\n<link rel=\"canonical\" href=\"https:\/\/www.ruzovislon.sk\/\" \/>\n<meta property=\"og:locale\" content=\"sk_SK\" \/>\n<meta property=\"og:type\" content=\"article\" \/>\n<meta property=\"og:title\" content=\"- aktu\u00e1lne akcie \u2764\" \/>\n<meta property=\"og:description\" content=\"Ruzovi slon prin\u00e1\u0161a skvel\u00e9 akcie a ob\u013e\u00faben\u00e9 produkty. Objavte v\u00fdhody seschopu ru\u017eov\u00fd slon e\u0161te dnes. Budete spokojn\u00ed \u2192\" \/>\n<meta property=\"og:url\" content=\"https:\/\/www.ruzovislon.sk\/\" \/>\n<meta property=\"article:modified_time\" content=\"2026-01-29T09:45:28+00:00\" \/>\n<meta property=\"og:image\" content=\"https:\/\/www.ruzovislon.sk\/wp-content\/uploads\/2024\/02\/zlava10-1024x359.jpg\" \/>\n<meta name=\"twitter:card\" content=\"summary_large_image\" \/>\n<meta name=\"twitter:label1\" content=\"Predpokladan\u00fd \u010das \u010d\u00edtania\" \/>\n\t<meta name=\"twitter:data1\" content=\"4 min\u00faty\" \/>\n<script type=\"application\/ld+json\" class=\"yoast-schema-graph\">{\"@context\":\"https:\/\/schema.org\",\"@graph\":[{\"@type\":\"WebPage\",\"@id\":\"https:\/\/www.ruzovislon.sk\/\",\"url\":\"https:\/\/www.ruzovislon.sk\/\",\"name\":\"- aktu\u00e1lne akcie \u2764\",\"isPartOf\":{\"@id\":\"https:\/\/www.ruzovislon.sk\/#website\"},\"datePublished\":\"2024-02-25T08:45:04+00:00\",\"dateModified\":\"2026-01-29T09:45:28+00:00\",\"description\":\"Ruzovi slon prin\u00e1\u0161a skvel\u00e9 akcie a ob\u013e\u00faben\u00e9 produkty. Objavte v\u00fdhody seschopu ru\u017eov\u00fd slon e\u0161te dnes. Budete spokojn\u00ed \u2192\",\"breadcrumb\":{\"@id\":\"https:\/\/www.ruzovislon.sk\/#breadcrumb\"},\"inLanguage\":\"sk-SK\",\"potentialAction\":[{\"@type\":\"ReadAction\",\"target\":[\"https:\/\/www.ruzovislon.sk\/\"]}]},{\"@type\":\"BreadcrumbList\",\"@id\":\"https:\/\/www.ruzovislon.sk\/#breadcrumb\",\"itemListElement\":[{\"@type\":\"ListItem\",\"position\":1,\"name\":\"Home\",\"item\":\"https:\/\/www.ruzovislon.sk\/\"},{\"@type\":\"ListItem\",\"position\":2,\"name\":\"RU\u017dOV\u00dd Slon\"}]},{\"@type\":\"WebSite\",\"@id\":\"https:\/\/www.ruzovislon.sk\/#website\",\"url\":\"https:\/\/www.ruzovislon.sk\/\",\"name\":\"\",\"description\":\"\",\"potentialAction\":[{\"@type\":\"SearchAction\",\"target\":{\"@type\":\"EntryPoint\",\"urlTemplate\":\"https:\/\/www.ruzovislon.sk\/?s={search_term_string}\"},\"query-input\":\"required name=search_term_string\"}],\"inLanguage\":\"sk-SK\"}]}<\/script>\n<!-- \/ Yoast SEO plugin. -->","yoast_head_json":{"title":"- aktu\u00e1lne akcie \u2764","description":"Ruzovi slon prin\u00e1\u0161a skvel\u00e9 akcie a ob\u013e\u00faben\u00e9 produkty. Objavte v\u00fdhody seschopu ru\u017eov\u00fd slon e\u0161te dnes. Budete spokojn\u00ed \u2192","robots":{"index":"index","follow":"follow","max-snippet":"max-snippet:-1","max-image-preview":"max-image-preview:large","max-video-preview":"max-video-preview:-1"},"canonical":"https:\/\/www.ruzovislon.sk\/","og_locale":"sk_SK","og_type":"article","og_title":"- aktu\u00e1lne akcie \u2764","og_description":"Ruzovi slon prin\u00e1\u0161a skvel\u00e9 akcie a ob\u013e\u00faben\u00e9 produkty. Objavte v\u00fdhody seschopu ru\u017eov\u00fd slon e\u0161te dnes. Budete spokojn\u00ed \u2192","og_url":"https:\/\/www.ruzovislon.sk\/","article_modified_time":"2026-01-29T09:45:28+00:00","og_image":[{"url":"https:\/\/www.ruzovislon.sk\/wp-content\/uploads\/2024\/02\/zlava10-1024x359.jpg"}],"twitter_card":"summary_large_image","twitter_misc":{"Predpokladan\u00fd \u010das \u010d\u00edtania":"4 min\u00faty"},"schema":{"@context":"https:\/\/schema.org","@graph":[{"@type":"WebPage","@id":"https:\/\/www.ruzovislon.sk\/","url":"https:\/\/www.ruzovislon.sk\/","name":"- aktu\u00e1lne akcie \u2764","isPartOf":{"@id":"https:\/\/www.ruzovislon.sk\/#website"},"datePublished":"2024-02-25T08:45:04+00:00","dateModified":"2026-01-29T09:45:28+00:00","description":"Ruzovi slon prin\u00e1\u0161a skvel\u00e9 akcie a ob\u013e\u00faben\u00e9 produkty. Objavte v\u00fdhody seschopu ru\u017eov\u00fd slon e\u0161te dnes. Budete spokojn\u00ed \u2192","breadcrumb":{"@id":"https:\/\/www.ruzovislon.sk\/#breadcrumb"},"inLanguage":"sk-SK","potentialAction":[{"@type":"ReadAction","target":["https:\/\/www.ruzovislon.sk\/"]}]},{"@type":"BreadcrumbList","@id":"https:\/\/www.ruzovislon.sk\/#breadcrumb","itemListElement":[{"@type":"ListItem","position":1,"name":"Home","item":"https:\/\/www.ruzovislon.sk\/"},{"@type":"ListItem","position":2,"name":"RU\u017dOV\u00dd Slon"}]},{"@type":"WebSite","@id":"https:\/\/www.ruzovislon.sk\/#website","url":"https:\/\/www.ruzovislon.sk\/","name":"","description":"","potentialAction":[{"@type":"SearchAction","target":{"@type":"EntryPoint","urlTemplate":"https:\/\/www.ruzovislon.sk\/?s={search_term_string}"},"query-input":"required name=search_term_string"}],"inLanguage":"sk-SK"}]}},"_links":{"self":[{"href":"https:\/\/www.ruzovislon.sk\/index.php?rest_route=\/wp\/v2\/pages\/7"}],"collection":[{"href":"https:\/\/www.ruzovislon.sk\/index.php?rest_route=\/wp\/v2\/pages"}],"about":[{"href":"https:\/\/www.ruzovislon.sk\/index.php?rest_route=\/wp\/v2\/types\/page"}],"author":[{"embeddable":true,"href":"https:\/\/www.ruzovislon.sk\/index.php?rest_route=\/wp\/v2\/users\/1"}],"replies":[{"embeddable":true,"href":"https:\/\/www.ruzovislon.sk\/index.php?rest_route=%2Fwp%2Fv2%2Fcomments&post=7"}],"version-history":[{"count":6,"href":"https:\/\/www.ruzovislon.sk\/index.php?rest_route=\/wp\/v2\/pages\/7\/revisions"}],"predecessor-version":[{"id":54,"href":"https:\/\/www.ruzovislon.sk\/index.php?rest_route=\/wp\/v2\/pages\/7\/revisions\/54"}],"wp:attachment":[{"href":"https:\/\/www.ruzovislon.sk\/index.php?rest_route=%2Fwp%2Fv2%2Fmedia&parent=7"}],"curies":[{"name":"wp","href":"https:\/\/api.w.org\/{rel}","templated":true}]}}